{"id":722,"date":"2018-05-01T09:54:18","date_gmt":"2018-05-01T09:54:18","guid":{"rendered":"http:\/\/www.rafaxambo.net\/?page_id=722"},"modified":"2018-05-01T10:01:26","modified_gmt":"2018-05-01T10:01:26","slug":"cookie-policy","status":"publish","type":"page","link":"http:\/\/www.rafaxambo.net\/?page_id=722","title":{"rendered":"Cookie Policy"},"content":{"rendered":"<h1>\u00das de galetes<\/h1>\n<h2>Qu\u00e8 s\u00f3n les galetes i per qu\u00e8 les fem servir a la plana web de Rafa Xamb\u00f3<\/h2>\n<p>Una galeta \u00e9s un fitxer que es descarrega al dispositiu de l\u2019usuari en accedir a determinades p\u00e0gines web per a emmagatzemar i recuperar informaci\u00f3 sobre la navegaci\u00f3 que s\u2019efectua des d\u2019aquest equip.<\/p>\n<p>Les galetes permeten a aquesta web, entre altres coses, emmagatzemar i recuperar informaci\u00f3 sobre les decisions i h\u00e0bits de l\u2019usuari. Les utilitzem per personalitzar l\u2019experi\u00e8ncia dins de les nostra plana web\u00a0 i facilitar la navegaci\u00f3.<\/p>\n<p>\u00c9s important destacar que l\u2019\u00fas de\u00a0galetes no proporciona dades personals de l\u2019usuari, que de cara a Rafaxambo.com roman an\u00f2nim.<\/p>\n<p>L\u2019usuari pot configurar el seu navegador per no acceptar l\u2019\u00fas de cookies, en aquest cas la personalitzaci\u00f3 de l\u2019experi\u00e8ncia no s\u2019aplicaria tot i que s\u00ed podr\u00e0 seguir accedint als continguts de la nostra plana web.<\/p>\n<p>A la p\u00e0gina de Wikipedia (<a href=\"http:\/\/es.wikipedia.org\/wiki\/Cookie_(inform%C3%A1tica)\" target=\"_blank\" rel=\"noopener\">http:\/\/es.wikipedia.org\/wiki\/Cookie_(inform\u00e1tica)<\/a>) \u00e9s possible obtenir m\u00e9s informaci\u00f3 sobre qu\u00e8 amb les galetes i com funcionen.<\/p>\n<h2>Quin tipus de cookies utilitzem<\/h2>\n<p>Les galetes, en funci\u00f3 de la seva perman\u00e8ncia, poden dividir-se en galetes de sessi\u00f3 o permanents. Les primeres expiren quan l\u2019usuari tanca el navegador. Les segones expiren en funci\u00f3 quan es compleixi l\u2019objectiu per al que serveixen o b\u00e9 quan s\u2019esborren manualment.<\/p>\n<p>Addicionalment, en funci\u00f3 del seu objectiu, les galetes poden classificar-se de la seg\u00fcent manera:<\/p>\n<p><strong>Daletes t\u00e8cniques:<\/strong>\u00a0les galetes t\u00e8cniques s\u00f3n galetes pr\u00f2pies i temporals que, aquest cas concret, permeten a l\u2019navegador recordar certs aspectes com l\u2019idioma de visita de la web, aix\u00ed com la visibilitat de la barra de cookies, en funci\u00f3 de si s\u2019han acceptat o no les condicions.<\/p>\n<p><strong>Galetes d\u2019anal\u00edtica:<\/strong>\u00a0cada vegada que un usuari visita una Web o Servei, una eina d\u2019un prove\u00efdor extern (Google Analytics i similars) genera una galeta anal\u00edtica, temporal, i que pot ser pr\u00f2pia o de tercers, en el dispositiu de l\u2019usuari. Aquesta galeta que nom\u00e9s es genera en la visita, servir\u00e0 en properes visites als serveis de Rafaxambo.com per identificar de forma an\u00f2nima al visitant. Els objectius principals que es persegueixen s\u00f3n:<\/p>\n<ul>\n<li>Permetre la identificaci\u00f3 an\u00f2nima dels usuaris navegants a trav\u00e9s de la \u201cCookie\u201d (identifica navegadors i dispositius, no persones) i per tant la comptabilitzaci\u00f3 aproximada del nombre de visitants i la seva tend\u00e8ncia en el temps.<\/li>\n<li>Identificar de forma an\u00f2nima els continguts m\u00e9s visitats i per tant m\u00e9s atractius per als usuaris.<\/li>\n<li>Saber si l\u2019usuari que est\u00e0 accedint \u00e9s nou o repeteix visita.<\/li>\n<\/ul>\n<p>&nbsp;<\/p>\n<p><strong>Altres galetes de Google:<\/strong>\u00a0Google utilitza altres cookies de tercers per permetre que funcionin els m\u00f2duls de Google Maps i, eventualment, Google Calendar.<\/p>\n<p>Tot el relatiu a les galetes de Google, tant anal\u00edtiques com d\u2019altres tipus, aix\u00ed com la seva administraci\u00f3 i configuraci\u00f3 es pot consultar a:<\/p>\n<ul>\n<li><a href=\"http:\/\/www.google.es\/intl\/es\/policies\/technologies\/types\/\" target=\"_blank\" rel=\"noopener\">Google<\/a><\/li>\n<li><a href=\"https:\/\/developers.google.com\/analytics\/devguides\/collection\/analyticsjs\/cookie-usage\" target=\"_blank\" rel=\"noopener\">Google Analytics<\/a><\/li>\n<\/ul>\n<h2>Com desactivar les galetes al navegador<\/h2>\n<p>La majoria de navegadors actualment permeten a l\u2019usuari configurar si desitgen acceptar cookies i quines d\u2019elles. Aquests ajustaments normalment es troben en les \u2018opcions\u2019 o \u2018Prefer\u00e8ncies\u2019 del men\u00fa del seu navegador.<\/p>\n<p>Aquestes s\u00f3n les instruccions per configurar les galetes en els principals navegadors:<\/p>\n<ul>\n<li><strong><a href=\"https:\/\/support.google.com\/chrome\/answer\/95647?hl=es\" target=\"_blank\" rel=\"noopener\">Google Chrome<\/a>:<\/strong>\u00a0Configuraci\u00f3n -&gt; Mostrar opcions avan\u00e7ades -&gt; Privacitat -&gt; Configuraci\u00f3 de contingut. Per a m\u00e9s informaci\u00f3, pot consultar el suport de Google o l\u2019Ajuda del navegador.<\/li>\n<li><strong><a href=\"https:\/\/support.mozilla.org\/es\/kb\/habilitar-y-deshabilitar-cookies-que-los-sitios-we\" target=\"_blank\" rel=\"noopener\">Mozila Firefox<\/a>:<\/strong>\u00a0Eines -&gt; Opcions -&gt; Privacitat -&gt; Historial -&gt; Configuraci\u00f3 Personalitzada. Per a m\u00e9s informaci\u00f3, pot consultar el suport de Mozilla o l\u2019Ajuda del navegador.<\/li>\n<li><strong><a href=\"http:\/\/windows.microsoft.com\/es-es\/windows7\/how-to-manage-cookies-in-internet-explorer-9\" target=\"_blank\" rel=\"noopener\">Internet Explorer<\/a>:<\/strong>\u00a0Eines-&gt; Opcions d\u2019Internet -&gt; Privacitat -&gt; Configuraci\u00f3. Per a m\u00e9s informaci\u00f3, pot consultar el suport de Microsoft o l\u2019Ajuda del navegador.<\/li>\n<li><strong><a href=\"http:\/\/support.apple.com\/kb\/ph5042\" target=\"_blank\" rel=\"noopener\">Apple Safari<\/a>:<\/strong>\u00a0Prefer\u00e8ncies -&gt; Seguretat. Per a m\u00e9s informaci\u00f3, pot consultar el suport d\u2019Apple o l\u2019Ajuda del navegador.<\/li>\n<\/ul>\n<p>Si decideix desactivar les galetes no podrem oferir algunes de les funcionalitats del web.<\/p>\n<h2>Actualitzaci\u00f3 de galetes<\/h2>\n<p>Les galetes de Trast poden ser actualitzades pel que aconsellem que revisin la nostra pol\u00edtica de forma peri\u00f2dica.<\/p>\n","protected":false},"excerpt":{"rendered":"<p>\u00das de galetes Qu\u00e8 s\u00f3n les galetes i per qu\u00e8 les fem servir a la plana web de Rafa Xamb\u00f3 Una galeta \u00e9s un fitxer que es descarrega al dispositiu de l\u2019usuari en accedir a determinades p\u00e0gines web per a emmagatzemar i recuperar informaci\u00f3 sobre&#8230;<\/p>\n","protected":false},"author":1,"featured_media":0,"parent":0,"menu_order":0,"comment_status":"closed","ping_status":"closed","template":"","meta":[],"_links":{"self":[{"href":"http:\/\/www.rafaxambo.net\/index.php?rest_route=\/wp\/v2\/pages\/722"}],"collection":[{"href":"http:\/\/www.rafaxambo.net\/index.php?rest_route=\/wp\/v2\/pages"}],"about":[{"href":"http:\/\/www.rafaxambo.net\/index.php?rest_route=\/wp\/v2\/types\/page"}],"author":[{"embeddable":true,"href":"http:\/\/www.rafaxambo.net\/index.php?rest_route=\/wp\/v2\/users\/1"}],"replies":[{"embeddable":true,"href":"http:\/\/www.rafaxambo.net\/index.php?rest_route=%2Fwp%2Fv2%2Fcomments&post=722"}],"version-history":[{"count":2,"href":"http:\/\/www.rafaxambo.net\/index.php?rest_route=\/wp\/v2\/pages\/722\/revisions"}],"predecessor-version":[{"id":724,"href":"http:\/\/www.rafaxambo.net\/index.php?rest_route=\/wp\/v2\/pages\/722\/revisions\/724"}],"wp:attachment":[{"href":"http:\/\/www.rafaxambo.net\/index.php?rest_route=%2Fwp%2Fv2%2Fmedia&parent=722"}],"curies":[{"name":"wp","href":"https:\/\/api.w.org\/{rel}","templated":true}]}}