{"id":585,"date":"2003-01-21T17:55:36","date_gmt":"2003-01-21T17:55:36","guid":{"rendered":"http:\/\/www.rafaxambo.net\/?post_type=product&#038;p=585"},"modified":"2018-05-01T09:15:10","modified_gmt":"2018-05-01T09:15:10","slug":"dies-oberts","status":"publish","type":"product","link":"http:\/\/www.rafaxambo.net\/?product=dies-oberts","title":{"rendered":"Dies Oberts"},"content":{"rendered":"<p>A \u201cdies oberts\u201d, Rafa Xamb\u00f3 i La Fusteria ens ofereixen onze can\u00e7ons i un emotiu escaig. La tem\u00e0tica de l\u2019amor plana des de diferents visions, moments i emocions al llarg del disc; des la ironia que se\u2019n fot de la nost\u00e0lgia en Sanremo, el trencament interior i la il\u00b7luminaci\u00f3 de Naufragis o les retic\u00e8ncies al fast love \u2013l\u2019amor r\u00e0pid- de L\u00ednia b\u00e0sica del somni, i tamb\u00e9 el mal d\u2019amors dels immigrants en Maria Gr\u00e0cia. Hi trobem tamb\u00e9 les can\u00e7ons d\u2019entusiasme, d\u2019incitaci\u00f3 a la rebel\u00b7li\u00f3 i d\u2019homenatge a l\u2019amistat. Xamb\u00f3 ens aboca uns textos ben destil\u00b7lats en qu\u00e8 el llenguatge, la sonoritat de les paraules, fa m\u00fasica, i busca c\u00f2mplices que entenguen de su\u00efcides, d\u2019amors adults, de mariners de fortuna, de dies oberts&#8230; Textos colpidors i bells en qu\u00e8 la m\u00fasica i les paraules festegen abra\u00e7ades els moments d\u2019intensitat de l\u2019experi\u00e8ncia vital.<br \/>\nDe Miquel Mart\u00ed i Pol, Xamb\u00f3 ha enregistrat per a \u201cdies oberts\u201d tres poemes que va musicar en la seua primera \u00e8poca i que per fi ens apleguen: La sirena, que obre el disc, i ens sorpr\u00e8n amb un format rocker contundent; Quasi faula on se\u2019ns mostra un Xamb\u00f3 tr\u00e0gic i el batec de la revolta; i, al bonus track, Meditaci\u00f3 \u00faltima, on se\u2019ns mostra nu, veu i guitarra, fent-nos entreveure entre les teranyines de la mem\u00f2ria aquells anys de la nova can\u00e7\u00f3. Un homenatge a un moviment cultural que va sacsejar la nostra societat.<br \/>\n<Br><br \/>\n<iframe loading=\"lazy\" style=\"border: 0; width: 100%; height: 120px;\" src=\"https:\/\/bandcamp.com\/EmbeddedPlayer\/album=1555958410\/size=large\/bgcol=ffffff\/linkcol=0687f5\/tracklist=false\/artwork=small\/transparent=true\/\" width=\"300\" height=\"150\" seamless=\"\"><a href=\"http:\/\/rafaxambo.bandcamp.com\/album\/dies-oberts-2\">dies oberts by Rafa Xamb\u00f3<\/a><\/iframe><\/p>\n<p><a href=\"http:\/\/www.rafaxambo.net\/recursos\/diesoberts.pdf\"><img loading=\"lazy\" class=\"alignnone size-full wp-image-695\" src=\"http:\/\/www.rafaxambo.net\/wp-content\/uploads\/2018\/04\/lletres.jpg\" alt=\"\" width=\"100\" height=\"20\" \/><\/a> <a href=\"http:\/\/www.rafaxambo.net\/recursos\/dpdiesoberts.pdf\"><img loading=\"lazy\" class=\"alignnone size-full wp-image-696\" src=\"http:\/\/www.rafaxambo.net\/wp-content\/uploads\/2018\/04\/recull.jpg\" alt=\"\" width=\"100\" height=\"20\" \/><\/a><\/p>\n","protected":false},"excerpt":{"rendered":"<p>A \u201cdies oberts\u201d, Rafa Xamb\u00f3 i La Fusteria ens ofereixen onze can\u00e7ons i un emotiu escaig. La tem\u00e0tica de l\u2019amor plana des de diferents visions, moments i emocions al llarg del disc; des la ironia que se\u2019n fot de la nost\u00e0lgia en Sanremo, el trencament&#8230;<\/p>\n","protected":false},"featured_media":586,"template":"","meta":[],"_links":{"self":[{"href":"http:\/\/www.rafaxambo.net\/index.php?rest_route=\/wp\/v2\/product\/585"}],"collection":[{"href":"http:\/\/www.rafaxambo.net\/index.php?rest_route=\/wp\/v2\/product"}],"about":[{"href":"http:\/\/www.rafaxambo.net\/index.php?rest_route=\/wp\/v2\/types\/product"}],"wp:featuredmedia":[{"embeddable":true,"href":"http:\/\/www.rafaxambo.net\/index.php?rest_route=\/wp\/v2\/media\/586"}],"wp:attachment":[{"href":"http:\/\/www.rafaxambo.net\/index.php?rest_route=%2Fwp%2Fv2%2Fmedia&parent=585"}],"curies":[{"name":"wp","href":"https:\/\/api.w.org\/{rel}","templated":true}]}}