{"id":691,"date":"2013-04-21T14:24:39","date_gmt":"2013-04-21T14:24:39","guid":{"rendered":"http:\/\/www.rafaxambo.net\/?post_type=product&#038;p=691"},"modified":"2018-05-01T09:19:17","modified_gmt":"2018-05-01T09:19:17","slug":"testimo-tant-sonets-de-shakespeare","status":"publish","type":"product","link":"http:\/\/www.rafaxambo.net\/?product=testimo-tant-sonets-de-shakespeare","title":{"rendered":"t&#8217;estimo tant Sonets de Shakespeare"},"content":{"rendered":"<p><em>Amb el concurs de Matthieu Saglio al violoncel i Salva V\u00e1zquez al piano, el nostre cantautor ha fet ara una lectura neta i matisada dels vells mots shakespereans, tradu\u00efts per Txema Mart\u00ednez. [&#8230;] Com es dedu\u00efa del magn\u00edfic article que ha escrit en aquest peri\u00f2dic Enric S\u00f2ria sobre Lou Reed (\u201cEl cantautor salvatge\u201d), una bona m\u00fasica, amb una bona lletra, suposen una incid\u00e8ncia memorable en el nostre \u00e0nim, i per aix\u00f2 una musicaci\u00f3 digna de Shakespeare \u00e9s un prop\u00f2sit ambici\u00f3s i oportun\u00edssim.<\/em><br \/>\n<strong>Joan Gar\u00ed<\/strong>. El Pa\u00eds_CV (blocs) 06-11-2013<\/p>\n<p><em>Una joia poeticomusical per a immenses minories, una manera diferent per als qui temen tant als llibres de poesia d\u2019acostar-se als sonets d\u2019un monstre de les lletres. Un luxe cultural per a un pa\u00eds que est\u00e0 a un pas de la suspensi\u00f3 de pagaments [&#8230;] Una resposta a les agressions culta, elegant, universal, magn\u00edfica, d\u2019un home que no tem la lluita cos a cos contra la immoralitat.<\/em><br \/>\n<strong>Manel Alonso<\/strong>. Diari gran.cat &#8211; 12\/11\/2013<\/p>\n<p><em>Encara avui els sonets de Shakespeare s\u00f3n un instrument per a la reivindicaci\u00f3. Sembla que Shakespeare no tenia massa manies amb el gaudi de la carn i les seues paraules, cantades per Xamb\u00f3, sonen com al reivindicaci\u00f3 del dret al propi cos, a la llibertat sexual i el dret a estimar com cadasc\u00fa vulga i a qui vulga. I, segons diuen els cr\u00edtics, si escolteu el disc, s\u2019hi trobareu amb el treball m\u00e9s madur i refinat del cantant.<\/em><br \/>\n<strong>Voro Vendrell<\/strong>, Levante EMV \u2013 18\/11\/2013<\/p>\n<p><em>\u00c9s un producte ins\u00f2lit, interessant, original i que va molt b\u00e9, perqu\u00e8 \u00e9s una forma tamb\u00e9 de connectar amb Shakespeare de manera amena i atractiva. Recomano el disc de Rafa Xamb\u00f3.<\/em><br \/>\n<strong>Joan Manuel Tresserras<\/strong>. Els matins de TV3 &#8211; 22\/11\/2013<\/p>\n<p><em>T\u2019estimo tant (Comboi Records) \u00e9s un treball sense data de caducitat, i no nom\u00e9s per la import\u00e0ncia dels textos del literat universal. Li augurem llarga vida pel potencial que adquirir\u00e0 en cada concert [&#8230;] Perqu\u00e8 el producte, a l\u2019escenari, no t\u00e9 fissures.<\/em><br \/>\n<strong>Vicent Xavier Contr\u00ed<\/strong>. Sa\u00f3 (n\u00fam. 388) &#8211; desembre 2013<\/p>\n<p><em>La bellesa de T\u2019estimo tant, 12 sonets de Shakespeare tradu\u00efts per Txema Mart\u00ednez i convertits en can\u00e7ons per Rafa Xamb\u00f3, en un cd ple d\u2019una expressivitat densa, quan cal abrupta, per\u00f2 molt m\u00e9s sovint entotsolada. Una cosa exquisida i, com hauria dit Espriu, eminentment antiprim\u00e0ria. Xamb\u00f3, que entre altres coses \u00e9s un cantautor veter\u00e0 i ben foguejat, se\u2019ns mostra ac\u00ed en plena maduresa.<\/em><br \/>\n<strong>Enric S\u00f2ria<\/strong>\u201cQuadern\u201d, El Pa\u00eds (12-XII-2013)<\/p>\n<p><em>Els rom\u00e0ntics en gaudiran molt i els deixar\u00e0 amb el sospir al cor, si el somni de l\u2019amor els ha triat, els tria o els triar\u00e0.<\/em><br \/>\n<strong>Helena M. Alegret<\/strong>, Enderrock, (n\u00fam. 219) \u2013 gener 2014<\/p>\n<p><iframe loading=\"lazy\" style=\"border: 0; width: 100%; height: 120px;\" src=\"https:\/\/bandcamp.com\/EmbeddedPlayer\/album=1069719843\/size=large\/bgcol=ffffff\/linkcol=0687f5\/tracklist=false\/artwork=small\/transparent=true\/\" width=\"300\" height=\"150\" seamless=\"\"><a href=\"http:\/\/rafaxambo.bandcamp.com\/album\/testimo-tant-sonets-de-shakespeare\">t&#8217;estimo tant Sonets de Shakespeare by Rafa Xamb\u00f3<\/a><\/iframe><\/p>\n<p><a href=\"http:\/\/www.rafaxambo.net\/recursos\/sonets.pdf\"><img loading=\"lazy\" class=\"alignnone size-full wp-image-695\" src=\"http:\/\/www.rafaxambo.net\/wp-content\/uploads\/2018\/04\/lletres.jpg\" alt=\"\" width=\"100\" height=\"20\" \/><\/a> <a href=\"http:\/\/www.rafaxambo.net\/recursos\/dpsonets.pdf\"><img loading=\"lazy\" class=\"alignnone size-full wp-image-696\" src=\"http:\/\/www.rafaxambo.net\/wp-content\/uploads\/2018\/04\/recull.jpg\" alt=\"\" width=\"100\" height=\"20\" \/><\/a><\/p>\n","protected":false},"excerpt":{"rendered":"<p>Amb el concurs de Matthieu Saglio al violoncel i Salva V\u00e1zquez al piano, el nostre cantautor ha fet ara una lectura neta i matisada dels vells mots shakespereans, tradu\u00efts per Txema Mart\u00ednez. [&#8230;] Com es dedu\u00efa del magn\u00edfic article que ha escrit en aquest peri\u00f2dic&#8230;<\/p>\n","protected":false},"featured_media":692,"template":"","meta":[],"_links":{"self":[{"href":"http:\/\/www.rafaxambo.net\/index.php?rest_route=\/wp\/v2\/product\/691"}],"collection":[{"href":"http:\/\/www.rafaxambo.net\/index.php?rest_route=\/wp\/v2\/product"}],"about":[{"href":"http:\/\/www.rafaxambo.net\/index.php?rest_route=\/wp\/v2\/types\/product"}],"wp:featuredmedia":[{"embeddable":true,"href":"http:\/\/www.rafaxambo.net\/index.php?rest_route=\/wp\/v2\/media\/692"}],"wp:attachment":[{"href":"http:\/\/www.rafaxambo.net\/index.php?rest_route=%2Fwp%2Fv2%2Fmedia&parent=691"}],"curies":[{"name":"wp","href":"https:\/\/api.w.org\/{rel}","templated":true}]}}